{"id":10769,"date":"2024-03-25T15:26:35","date_gmt":"2024-03-25T15:26:35","guid":{"rendered":"https:\/\/aexis-medical.com\/unterstuetzung\/"},"modified":"2025-12-01T15:46:22","modified_gmt":"2025-12-01T15:46:22","slug":"unterstuetzung","status":"publish","type":"page","link":"https:\/\/aexis-medical.com\/de\/unterstuetzung\/","title":{"rendered":"Unterst\u00fctzung"},"content":{"rendered":"\t\t<div data-elementor-type=\"wp-page\" data-elementor-id=\"10769\" class=\"elementor elementor-10769 elementor-2753\" data-elementor-settings=\"{&quot;element_pack_global_tooltip_width&quot;:{&quot;unit&quot;:&quot;px&quot;,&quot;size&quot;:&quot;&quot;,&quot;sizes&quot;:[]},&quot;element_pack_global_tooltip_width_tablet&quot;:{&quot;unit&quot;:&quot;px&quot;,&quot;size&quot;:&quot;&quot;,&quot;sizes&quot;:[]},&quot;element_pack_global_tooltip_width_mobile&quot;:{&quot;unit&quot;:&quot;px&quot;,&quot;size&quot;:&quot;&quot;,&quot;sizes&quot;:[]},&quot;element_pack_global_tooltip_padding&quot;:{&quot;unit&quot;:&quot;px&quot;,&quot;top&quot;:&quot;&quot;,&quot;right&quot;:&quot;&quot;,&quot;bottom&quot;:&quot;&quot;,&quot;left&quot;:&quot;&quot;,&quot;isLinked&quot;:true},&quot;element_pack_global_tooltip_padding_tablet&quot;:{&quot;unit&quot;:&quot;px&quot;,&quot;top&quot;:&quot;&quot;,&quot;right&quot;:&quot;&quot;,&quot;bottom&quot;:&quot;&quot;,&quot;left&quot;:&quot;&quot;,&quot;isLinked&quot;:true},&quot;element_pack_global_tooltip_padding_mobile&quot;:{&quot;unit&quot;:&quot;px&quot;,&quot;top&quot;:&quot;&quot;,&quot;right&quot;:&quot;&quot;,&quot;bottom&quot;:&quot;&quot;,&quot;left&quot;:&quot;&quot;,&quot;isLinked&quot;:true},&quot;element_pack_global_tooltip_border_radius&quot;:{&quot;unit&quot;:&quot;px&quot;,&quot;top&quot;:&quot;&quot;,&quot;right&quot;:&quot;&quot;,&quot;bottom&quot;:&quot;&quot;,&quot;left&quot;:&quot;&quot;,&quot;isLinked&quot;:true},&quot;element_pack_global_tooltip_border_radius_tablet&quot;:{&quot;unit&quot;:&quot;px&quot;,&quot;top&quot;:&quot;&quot;,&quot;right&quot;:&quot;&quot;,&quot;bottom&quot;:&quot;&quot;,&quot;left&quot;:&quot;&quot;,&quot;isLinked&quot;:true},&quot;element_pack_global_tooltip_border_radius_mobile&quot;:{&quot;unit&quot;:&quot;px&quot;,&quot;top&quot;:&quot;&quot;,&quot;right&quot;:&quot;&quot;,&quot;bottom&quot;:&quot;&quot;,&quot;left&quot;:&quot;&quot;,&quot;isLinked&quot;:true}}\" data-elementor-post-type=\"page\">\n\t\t\t\t<div class=\"elementor-element elementor-element-030afdb e-flex e-con-boxed e-con e-parent\" data-id=\"030afdb\" data-element_type=\"container\" data-e-type=\"container\" data-settings=\"{&quot;background_background&quot;:&quot;classic&quot;}\">\n\t\t\t\t\t<div class=\"e-con-inner\">\n\t\t<div class=\"elementor-element elementor-element-3dea926 e-con-full e-flex e-con e-child\" data-id=\"3dea926\" data-element_type=\"container\" data-e-type=\"container\">\n\t\t\t\t<div class=\"elementor-element elementor-element-3ec11b9 elementor-widget__width-initial ui-e-a-animate elementor-widget elementor-widget-highlighted-text\" data-id=\"3ec11b9\" data-element_type=\"widget\" data-e-type=\"widget\" data-widget_type=\"highlighted-text.default\">\n\t\t\t\t<div class=\"elementor-widget-container\">\n\t\t\t\t\t        <h1 class=\"ui-e--highlighted-text\">\n            <span class=\"ui-e-headline-text elementor-repeater-item-59b8ee8\">Wir sind f\u00fcr da! <\/span><span class=\"ui-e-headline-text elementor-repeater-item-8add9ac ui-e-headline-stroke1\">\n\t\t\t\t\t\t\t\t\t<span class=\"whitespace\"><\/span>\n                                    <span>\n                                        <span class=\"ui-e-headline-text ui-e-headline-highlighted\">Sie<\/span><span class=\"uicore-svg-wrapper\"><svg xmlns=\"http:\/\/www.w3.org\/2000\/svg\" viewBox=\"0 0 500 150\" preserveAspectRatio=\"none\"><path d='M15.2,133.3L15.2,133.3c121.9-7.6,244-9.9,366.1-6.8c34.6,0.9,69.1,2.3,103.7,4' \/><\/svg><\/span><\/span> <span class=\"whitespace\"> <\/span><\/span>        <\/h1>\n    \t\t\t\t<\/div>\n\t\t\t\t<\/div>\n\t\t\t\t<\/div>\n\t\t\t\t\t<\/div>\n\t\t\t\t<\/div>\n\t\t\t\t<section class=\"elementor-section elementor-top-section elementor-element elementor-element-69e5046 elementor-section-boxed elementor-section-height-default elementor-section-height-default\" data-id=\"69e5046\" data-element_type=\"section\" data-e-type=\"section\" data-settings=\"{&quot;background_background&quot;:&quot;classic&quot;}\">\n\t\t\t\t\t\t<div class=\"elementor-container elementor-column-gap-default\">\n\t\t\t\t\t<div class=\"elementor-column elementor-col-50 elementor-top-column elementor-element elementor-element-398aa06\" data-id=\"398aa06\" data-element_type=\"column\" data-e-type=\"column\">\n\t\t\t<div class=\"elementor-widget-wrap elementor-element-populated\">\n\t\t\t\t\t\t<div class=\"elementor-element elementor-element-2e9c265 elementor-widget elementor-widget-image\" data-id=\"2e9c265\" data-element_type=\"widget\" data-e-type=\"widget\" data-widget_type=\"image.default\">\n\t\t\t\t<div class=\"elementor-widget-container\">\n\t\t\t\t\t\t\t\t\t\t\t\t\t\t\t<img fetchpriority=\"high\" decoding=\"async\" width=\"1202\" height=\"789\" src=\"https:\/\/aexis-medical.com\/wp-content\/uploads\/2024\/03\/seo-agency-service-inner-3.webp\" class=\"attachment-full size-full wp-image-11198\" alt=\"Modern workspace with desktop computer, laptop, tablet, and smartphone on a desk.\" srcset=\"https:\/\/aexis-medical.com\/wp-content\/uploads\/2024\/03\/seo-agency-service-inner-3.webp 1202w, https:\/\/aexis-medical.com\/wp-content\/uploads\/2024\/03\/seo-agency-service-inner-3-300x197.webp 300w, https:\/\/aexis-medical.com\/wp-content\/uploads\/2024\/03\/seo-agency-service-inner-3-1024x672.webp 1024w, https:\/\/aexis-medical.com\/wp-content\/uploads\/2024\/03\/seo-agency-service-inner-3-768x504.webp 768w, https:\/\/aexis-medical.com\/wp-content\/uploads\/2024\/03\/seo-agency-service-inner-3-650x427.webp 650w\" sizes=\"(max-width: 1202px) 100vw, 1202px\" \/>\t\t\t\t\t\t\t\t\t\t\t\t\t\t\t<\/div>\n\t\t\t\t<\/div>\n\t\t\t\t<div class=\"elementor-element elementor-element-2465383 elementor-widget elementor-widget-image\" data-id=\"2465383\" data-element_type=\"widget\" data-e-type=\"widget\" data-widget_type=\"image.default\">\n\t\t\t\t<div class=\"elementor-widget-container\">\n\t\t\t\t\t\t\t\t\t\t\t\t\t\t\t<img decoding=\"async\" width=\"796\" height=\"600\" data-src=\"https:\/\/aexis-medical.com\/wp-content\/uploads\/2024\/03\/seo-case-study-4.webp\" class=\"attachment-full size-full wp-image-11200 lazyload\" alt=\"Two colleagues collaborating in a meeting area with laptops.\" data-srcset=\"https:\/\/aexis-medical.com\/wp-content\/uploads\/2024\/03\/seo-case-study-4.webp 796w, https:\/\/aexis-medical.com\/wp-content\/uploads\/2024\/03\/seo-case-study-4-300x226.webp 300w, https:\/\/aexis-medical.com\/wp-content\/uploads\/2024\/03\/seo-case-study-4-768x579.webp 768w, https:\/\/aexis-medical.com\/wp-content\/uploads\/2024\/03\/seo-case-study-4-650x490.webp 650w\" data-sizes=\"auto\" src=\"data:image\/svg+xml;base64,PHN2ZyB3aWR0aD0iMSIgaGVpZ2h0PSIxIiB4bWxucz0iaHR0cDovL3d3dy53My5vcmcvMjAwMC9zdmciPjwvc3ZnPg==\" style=\"--smush-placeholder-width: 796px; --smush-placeholder-aspect-ratio: 796\/600;\" data-original-sizes=\"(max-width: 796px) 100vw, 796px\" \/>\t\t\t\t\t\t\t\t\t\t\t\t\t\t\t<\/div>\n\t\t\t\t<\/div>\n\t\t\t\t\t<\/div>\n\t\t<\/div>\n\t\t\t\t<div class=\"elementor-column elementor-col-50 elementor-top-column elementor-element elementor-element-6238547\" data-id=\"6238547\" data-element_type=\"column\" data-e-type=\"column\">\n\t\t\t<div class=\"elementor-widget-wrap elementor-element-populated\">\n\t\t\t\t\t\t<section class=\"elementor-section elementor-inner-section elementor-element elementor-element-f43897d elementor-section-boxed elementor-section-height-default elementor-section-height-default\" data-id=\"f43897d\" data-element_type=\"section\" data-e-type=\"section\">\n\t\t\t\t\t\t<div class=\"elementor-container elementor-column-gap-default\">\n\t\t\t\t\t<div class=\"elementor-column elementor-col-100 elementor-inner-column elementor-element elementor-element-5330338\" data-id=\"5330338\" data-element_type=\"column\" data-e-type=\"column\">\n\t\t\t<div class=\"elementor-widget-wrap elementor-element-populated\">\n\t\t\t\t\t\t<div class=\"elementor-element elementor-element-9bb4ea1 bdt-global-link-yes bdt-icon-type-icon elementor-position-top bdt-icon-effect-none elementor-invisible elementor-widget elementor-widget-bdt-advanced-icon-box\" data-id=\"9bb4ea1\" data-element_type=\"widget\" data-e-type=\"widget\" data-settings=\"{&quot;_animation&quot;:&quot;fadeInUp&quot;}\" data-widget_type=\"bdt-advanced-icon-box.default\">\n\t\t\t\t<div class=\"elementor-widget-container\">\n\t\t\t\t\t\t\t<div class=\"bdt-ep-advanced-icon-box\">\n\n\t\t\t\t\t\t\t\n\t\t\t\t\t<div class=\"bdt-ep-advanced-icon-box-icon\">\n\t\t\t\t<span class=\"bdt-ep-advanced-icon-box-icon-wrap\">\n\n\n\t\t\t\t\t\n\t\t\t\t\t\t<svg aria-hidden=\"true\" class=\"e-font-icon-svg e-far-chart-bar\" viewBox=\"0 0 512 512\" xmlns=\"http:\/\/www.w3.org\/2000\/svg\"><path d=\"M396.8 352h22.4c6.4 0 12.8-6.4 12.8-12.8V108.8c0-6.4-6.4-12.8-12.8-12.8h-22.4c-6.4 0-12.8 6.4-12.8 12.8v230.4c0 6.4 6.4 12.8 12.8 12.8zm-192 0h22.4c6.4 0 12.8-6.4 12.8-12.8V140.8c0-6.4-6.4-12.8-12.8-12.8h-22.4c-6.4 0-12.8 6.4-12.8 12.8v198.4c0 6.4 6.4 12.8 12.8 12.8zm96 0h22.4c6.4 0 12.8-6.4 12.8-12.8V204.8c0-6.4-6.4-12.8-12.8-12.8h-22.4c-6.4 0-12.8 6.4-12.8 12.8v134.4c0 6.4 6.4 12.8 12.8 12.8zM496 400H48V80c0-8.84-7.16-16-16-16H16C7.16 64 0 71.16 0 80v336c0 17.67 14.33 32 32 32h464c8.84 0 16-7.16 16-16v-16c0-8.84-7.16-16-16-16zm-387.2-48h22.4c6.4 0 12.8-6.4 12.8-12.8v-70.4c0-6.4-6.4-12.8-12.8-12.8h-22.4c-6.4 0-12.8 6.4-12.8 12.8v70.4c0 6.4 6.4 12.8 12.8 12.8z\"><\/path><\/svg>\n\n\t\t\t\t\t\t\t\t\t<\/span>\n\t\t\t<\/div>\n\t\t\n\t\t\t\t\n\t\t\t<div class=\"bdt-ep-advanced-icon-box-content\">\n\n\t\t\t\t\t\t\t\t\t\n\t\t\t\t\t<h4 class=\"bdt-ep-advanced-icon-box-title ep-title-\">\n\t\t\t\t<span >\n\t\t\t\t\tKundenportal\t\t\t\t<\/span>\n\t\t\t<\/h4>\n\t\t\n\n\t\t\n\t\t\t\t\t\n\t\t\t\t\n\t\t\t\t\t\t\t\t\t<div class=\"bdt-ep-advanced-icon-box-description\">\n\t\t\t\t\t\t<p><strong>Ticket abschicken<br><\/strong><\/p><p>Wenn Sie bereits Kunde sind, z\u00f6gern Sie bitte nicht, Ihr Problem oder Ihre spezielle Frage <a href=\"https:\/\/aexis-medical.atlassian.net\/servicedesk\/customer\/portal\/1\/user\/login?destination=portal%2F1\" target=\"_blank\" rel=\"noopener\">\u00fcber unser Kundenporta<\/a>l zu melden.<\/p><p><strong>Dokumentation<\/strong><\/p><p>Hier finden Sie auch die neuesten Nachrichten, Funktionslisten und detaillierte Versionshinweise. So bleiben Sie \u00fcber alle neuen Entwicklungen bei unseren Produkten und Dienstleistungen auf dem Laufenden. <\/p>\t\t\t\t\t<\/div>\n\t\t\t\t\n\t\t\t\t\t\t\t<\/div>\n\t\t<\/div>\n\n\t\t\n\t\t\n\t\t\t\t<\/div>\n\t\t\t\t<\/div>\n\t\t\t\t<div class=\"elementor-element elementor-element-fe0c423 bdt-global-link-yes bdt-icon-type-icon elementor-position-top bdt-icon-effect-none elementor-invisible elementor-widget elementor-widget-bdt-advanced-icon-box\" data-id=\"fe0c423\" data-element_type=\"widget\" data-e-type=\"widget\" data-settings=\"{&quot;_animation&quot;:&quot;fadeInUp&quot;}\" data-widget_type=\"bdt-advanced-icon-box.default\">\n\t\t\t\t<div class=\"elementor-widget-container\">\n\t\t\t\t\t\t\t<div class=\"bdt-ep-advanced-icon-box\">\n\n\t\t\t\t\t\t\t\n\t\t\t\t\t<div class=\"bdt-ep-advanced-icon-box-icon\">\n\t\t\t\t<span class=\"bdt-ep-advanced-icon-box-icon-wrap\">\n\n\n\t\t\t\t\t\n\t\t\t\t\t\t<svg aria-hidden=\"true\" class=\"e-font-icon-svg e-far-clock\" viewBox=\"0 0 512 512\" xmlns=\"http:\/\/www.w3.org\/2000\/svg\"><path d=\"M256 8C119 8 8 119 8 256s111 248 248 248 248-111 248-248S393 8 256 8zm0 448c-110.5 0-200-89.5-200-200S145.5 56 256 56s200 89.5 200 200-89.5 200-200 200zm61.8-104.4l-84.9-61.7c-3.1-2.3-4.9-5.9-4.9-9.7V116c0-6.6 5.4-12 12-12h32c6.6 0 12 5.4 12 12v141.7l66.8 48.6c5.4 3.9 6.5 11.4 2.6 16.8L334.6 349c-3.9 5.3-11.4 6.5-16.8 2.6z\"><\/path><\/svg>\n\n\t\t\t\t\t\t\t\t\t<\/span>\n\t\t\t<\/div>\n\t\t\n\t\t\t\t\n\t\t\t<div class=\"bdt-ep-advanced-icon-box-content\">\n\n\t\t\t\t\t\t\t\t\t\n\t\t\t\t\t<h4 class=\"bdt-ep-advanced-icon-box-title ep-title-\">\n\t\t\t\t<span >\n\t\t\t\t\tService Desk\t\t\t\t<\/span>\n\t\t\t<\/h4>\n\t\t\n\n\t\t\n\t\t\t\t\t\n\t\t\t\t\n\t\t\t\t\t\t\t\t\t<div class=\"bdt-ep-advanced-icon-box-description\">\n\t\t\t\t\t\t<p>Wenn Sie bereits Kunde sind und eine dringende oder spezifische Frage haben, z\u00f6gern Sie bitte nicht, uns \u00fcber die unten aufgef\u00fchrten Kontaktpunkte zu kontaktieren.<\/p><ul><li>Allgemeine support: <a href=\"tel:%200032%2016%2043%2030%2081\">+32 (0) 16 43 30 81<\/a><\/li><li>Support Deutschland: <a href=\"tel:%200049%202%20114%20187%2012%2082\">+49 2 114 187 12 82<\/a><\/li><li>Support UK: <a href=\"tel:%200044%20330%20808%2015%2013\">+44 330 808 15 13<\/a><\/li><li>E-Mail: <a href=\"mailto:support@aexis-medical.com\">support@aexis-medical.com<\/a><\/li><\/ul><p>\u00d6ffnungszeiten <strong>Montag bis Freitag:<\/strong> 8:30 AM &#8211; 5:30 PM<\/p>\t\t\t\t\t<\/div>\n\t\t\t\t\n\t\t\t\t\t\t\t<\/div>\n\t\t<\/div>\n\n\t\t\n\t\t\n\t\t\t\t<\/div>\n\t\t\t\t<\/div>\n\t\t\t\t<div class=\"elementor-element elementor-element-4c87072 bdt-global-link-yes bdt-icon-type-icon elementor-position-top bdt-icon-effect-none elementor-invisible elementor-widget elementor-widget-bdt-advanced-icon-box\" data-id=\"4c87072\" data-element_type=\"widget\" data-e-type=\"widget\" data-settings=\"{&quot;_animation&quot;:&quot;fadeInUp&quot;}\" data-widget_type=\"bdt-advanced-icon-box.default\">\n\t\t\t\t<div class=\"elementor-widget-container\">\n\t\t\t\t\t\t\t<div class=\"bdt-ep-advanced-icon-box\">\n\n\t\t\t\t\t\t\t\n\t\t\t\t\t<div class=\"bdt-ep-advanced-icon-box-icon\">\n\t\t\t\t<span class=\"bdt-ep-advanced-icon-box-icon-wrap\">\n\n\n\t\t\t\t\t\n\t\t\t\t\t\t<svg aria-hidden=\"true\" class=\"e-font-icon-svg e-far-clock\" viewBox=\"0 0 512 512\" xmlns=\"http:\/\/www.w3.org\/2000\/svg\"><path d=\"M256 8C119 8 8 119 8 256s111 248 248 248 248-111 248-248S393 8 256 8zm0 448c-110.5 0-200-89.5-200-200S145.5 56 256 56s200 89.5 200 200-89.5 200-200 200zm61.8-104.4l-84.9-61.7c-3.1-2.3-4.9-5.9-4.9-9.7V116c0-6.6 5.4-12 12-12h32c6.6 0 12 5.4 12 12v141.7l66.8 48.6c5.4 3.9 6.5 11.4 2.6 16.8L334.6 349c-3.9 5.3-11.4 6.5-16.8 2.6z\"><\/path><\/svg>\n\n\t\t\t\t\t\t\t\t\t<\/span>\n\t\t\t<\/div>\n\t\t\n\t\t\t\t\n\t\t\t<div class=\"bdt-ep-advanced-icon-box-content\">\n\n\t\t\t\t\t\t\t\t\t\n\t\t\t\t\t<h4 class=\"bdt-ep-advanced-icon-box-title ep-title-\">\n\t\t\t\t<span >\n\t\t\t\t\tUnterst\u00fctzung\t\t\t\t<\/span>\n\t\t\t<\/h4>\n\t\t\n\n\t\t\n\t\t\t\t\t\n\t\t\t\t\n\t\t\t\t\t\t\t\t\t<div class=\"bdt-ep-advanced-icon-box-description\">\n\t\t\t\t\t\t<p data-start=\"82\" data-end=\"284\">Wenn der Support Sie darum bittet, k\u00f6nnen Sie \u00fcber den folgenden Link TeamViewer \u00f6ffnen, damit wir Sie aus der Ferne unterst\u00fctzen k\u00f6nnen:<\/p><p><a href=\"https:\/\/get.teamviewer.com\/aexis\">Teamviewer<\/a><br>Hinweis: Nur auf Anfrage unserer Support-Mitarbeiter verwenden.<\/p>\t\t\t\t\t<\/div>\n\t\t\t\t\n\t\t\t\t\t\t\t<\/div>\n\t\t<\/div>\n\n\t\t\n\t\t\n\t\t\t\t<\/div>\n\t\t\t\t<\/div>\n\t\t\t\t\t<\/div>\n\t\t<\/div>\n\t\t\t\t\t<\/div>\n\t\t<\/section>\n\t\t\t\t\t<\/div>\n\t\t<\/div>\n\t\t\t\t\t<\/div>\n\t\t<\/section>\n\t\t\t\t<\/div>\n\t\t","protected":false},"excerpt":{"rendered":"<p>Wir sind f\u00fcr da! Sie Kundenportal Ticket abschicken Wenn Sie bereits Kunde sind, z\u00f6gern Sie bitte nicht, Ihr Problem oder Ihre spezielle [&hellip;]<\/p>\n","protected":false},"author":9,"featured_media":0,"parent":0,"menu_order":0,"comment_status":"closed","ping_status":"closed","template":"","meta":{"footnotes":""},"class_list":["post-10769","page","type-page","status-publish","hentry"],"yoast_head":"<!-- This site is optimized with the Yoast SEO plugin v26.9 - https:\/\/yoast.com\/product\/yoast-seo-wordpress\/ -->\n<title>Unterst\u00fctzung - Aexis Medical<\/title>\n<meta name=\"robots\" content=\"index, follow, max-snippet:-1, max-image-preview:large, max-video-preview:-1\" \/>\n<link rel=\"canonical\" href=\"https:\/\/aexis-medical.com\/support\/\" \/>\n<meta property=\"og:locale\" content=\"de_DE\" \/>\n<meta property=\"og:type\" content=\"article\" \/>\n<meta property=\"og:title\" content=\"Unterst\u00fctzung - Aexis Medical\" \/>\n<meta property=\"og:description\" content=\"Wir sind f\u00fcr da! Sie Kundenportal Ticket abschicken Wenn Sie bereits Kunde sind, z\u00f6gern Sie bitte nicht, Ihr Problem oder Ihre spezielle [&hellip;]\" \/>\n<meta property=\"og:url\" content=\"https:\/\/aexis-medical.com\/support\/\" \/>\n<meta property=\"og:site_name\" content=\"Aexis Medical\" \/>\n<meta property=\"article:modified_time\" content=\"2025-12-01T15:46:22+00:00\" \/>\n<meta property=\"og:image\" content=\"https:\/\/aexis-medical.com\/wp-content\/uploads\/2024\/03\/seo-agency-service-inner-3.webp\" \/>\n<meta name=\"twitter:card\" content=\"summary_large_image\" \/>\n<meta name=\"twitter:label1\" content=\"Gesch\u00e4tzte Lesezeit\" \/>\n\t<meta name=\"twitter:data1\" content=\"1\u00a0Minute\" \/>\n<script type=\"application\/ld+json\" class=\"yoast-schema-graph\">{\"@context\":\"https:\/\/schema.org\",\"@graph\":[{\"@type\":\"WebPage\",\"@id\":\"https:\/\/aexis-medical.com\/support\/\",\"url\":\"https:\/\/aexis-medical.com\/support\/\",\"name\":\"Unterst\u00fctzung - Aexis Medical\",\"isPartOf\":{\"@id\":\"https:\/\/aexis-medical.com\/#website\"},\"primaryImageOfPage\":{\"@id\":\"https:\/\/aexis-medical.com\/support\/#primaryimage\"},\"image\":{\"@id\":\"https:\/\/aexis-medical.com\/support\/#primaryimage\"},\"thumbnailUrl\":\"https:\/\/aexis-medical.com\/wp-content\/uploads\/2024\/03\/seo-agency-service-inner-3.webp\",\"datePublished\":\"2024-03-25T15:26:35+00:00\",\"dateModified\":\"2025-12-01T15:46:22+00:00\",\"breadcrumb\":{\"@id\":\"https:\/\/aexis-medical.com\/support\/#breadcrumb\"},\"inLanguage\":\"de\",\"potentialAction\":[{\"@type\":\"ReadAction\",\"target\":[\"https:\/\/aexis-medical.com\/support\/\"]}]},{\"@type\":\"ImageObject\",\"inLanguage\":\"de\",\"@id\":\"https:\/\/aexis-medical.com\/support\/#primaryimage\",\"url\":\"https:\/\/aexis-medical.com\/wp-content\/uploads\/2024\/03\/seo-agency-service-inner-3.webp\",\"contentUrl\":\"https:\/\/aexis-medical.com\/wp-content\/uploads\/2024\/03\/seo-agency-service-inner-3.webp\"},{\"@type\":\"BreadcrumbList\",\"@id\":\"https:\/\/aexis-medical.com\/support\/#breadcrumb\",\"itemListElement\":[{\"@type\":\"ListItem\",\"position\":1,\"name\":\"Home\",\"item\":\"https:\/\/aexis-medical.com\/de\/\"},{\"@type\":\"ListItem\",\"position\":2,\"name\":\"Unterst\u00fctzung\"}]},{\"@type\":\"WebSite\",\"@id\":\"https:\/\/aexis-medical.com\/#website\",\"url\":\"https:\/\/aexis-medical.com\/\",\"name\":\"Aexis Medical\",\"description\":\"Software for Hospitals\",\"publisher\":{\"@id\":\"https:\/\/aexis-medical.com\/#organization\"},\"potentialAction\":[{\"@type\":\"SearchAction\",\"target\":{\"@type\":\"EntryPoint\",\"urlTemplate\":\"https:\/\/aexis-medical.com\/?s={search_term_string}\"},\"query-input\":{\"@type\":\"PropertyValueSpecification\",\"valueRequired\":true,\"valueName\":\"search_term_string\"}}],\"inLanguage\":\"de\"},{\"@type\":\"Organization\",\"@id\":\"https:\/\/aexis-medical.com\/#organization\",\"name\":\"Aexis Medical\",\"url\":\"https:\/\/aexis-medical.com\/\",\"logo\":{\"@type\":\"ImageObject\",\"inLanguage\":\"de\",\"@id\":\"https:\/\/aexis-medical.com\/#\/schema\/logo\/image\/\",\"url\":\"https:\/\/aexis-medical.com\/wp-content\/uploads\/2024\/03\/logo.png\",\"contentUrl\":\"https:\/\/aexis-medical.com\/wp-content\/uploads\/2024\/03\/logo.png\",\"width\":3140,\"height\":632,\"caption\":\"Aexis Medical\"},\"image\":{\"@id\":\"https:\/\/aexis-medical.com\/#\/schema\/logo\/image\/\"}}]}<\/script>\n<!-- \/ Yoast SEO plugin. -->","yoast_head_json":{"title":"Unterst\u00fctzung - Aexis Medical","robots":{"index":"index","follow":"follow","max-snippet":"max-snippet:-1","max-image-preview":"max-image-preview:large","max-video-preview":"max-video-preview:-1"},"canonical":"https:\/\/aexis-medical.com\/support\/","og_locale":"de_DE","og_type":"article","og_title":"Unterst\u00fctzung - Aexis Medical","og_description":"Wir sind f\u00fcr da! Sie Kundenportal Ticket abschicken Wenn Sie bereits Kunde sind, z\u00f6gern Sie bitte nicht, Ihr Problem oder Ihre spezielle [&hellip;]","og_url":"https:\/\/aexis-medical.com\/support\/","og_site_name":"Aexis Medical","article_modified_time":"2025-12-01T15:46:22+00:00","og_image":[{"url":"https:\/\/aexis-medical.com\/wp-content\/uploads\/2024\/03\/seo-agency-service-inner-3.webp","type":"","width":"","height":""}],"twitter_card":"summary_large_image","twitter_misc":{"Gesch\u00e4tzte Lesezeit":"1\u00a0Minute"},"schema":{"@context":"https:\/\/schema.org","@graph":[{"@type":"WebPage","@id":"https:\/\/aexis-medical.com\/support\/","url":"https:\/\/aexis-medical.com\/support\/","name":"Unterst\u00fctzung - Aexis Medical","isPartOf":{"@id":"https:\/\/aexis-medical.com\/#website"},"primaryImageOfPage":{"@id":"https:\/\/aexis-medical.com\/support\/#primaryimage"},"image":{"@id":"https:\/\/aexis-medical.com\/support\/#primaryimage"},"thumbnailUrl":"https:\/\/aexis-medical.com\/wp-content\/uploads\/2024\/03\/seo-agency-service-inner-3.webp","datePublished":"2024-03-25T15:26:35+00:00","dateModified":"2025-12-01T15:46:22+00:00","breadcrumb":{"@id":"https:\/\/aexis-medical.com\/support\/#breadcrumb"},"inLanguage":"de","potentialAction":[{"@type":"ReadAction","target":["https:\/\/aexis-medical.com\/support\/"]}]},{"@type":"ImageObject","inLanguage":"de","@id":"https:\/\/aexis-medical.com\/support\/#primaryimage","url":"https:\/\/aexis-medical.com\/wp-content\/uploads\/2024\/03\/seo-agency-service-inner-3.webp","contentUrl":"https:\/\/aexis-medical.com\/wp-content\/uploads\/2024\/03\/seo-agency-service-inner-3.webp"},{"@type":"BreadcrumbList","@id":"https:\/\/aexis-medical.com\/support\/#breadcrumb","itemListElement":[{"@type":"ListItem","position":1,"name":"Home","item":"https:\/\/aexis-medical.com\/de\/"},{"@type":"ListItem","position":2,"name":"Unterst\u00fctzung"}]},{"@type":"WebSite","@id":"https:\/\/aexis-medical.com\/#website","url":"https:\/\/aexis-medical.com\/","name":"Aexis Medical","description":"Software for Hospitals","publisher":{"@id":"https:\/\/aexis-medical.com\/#organization"},"potentialAction":[{"@type":"SearchAction","target":{"@type":"EntryPoint","urlTemplate":"https:\/\/aexis-medical.com\/?s={search_term_string}"},"query-input":{"@type":"PropertyValueSpecification","valueRequired":true,"valueName":"search_term_string"}}],"inLanguage":"de"},{"@type":"Organization","@id":"https:\/\/aexis-medical.com\/#organization","name":"Aexis Medical","url":"https:\/\/aexis-medical.com\/","logo":{"@type":"ImageObject","inLanguage":"de","@id":"https:\/\/aexis-medical.com\/#\/schema\/logo\/image\/","url":"https:\/\/aexis-medical.com\/wp-content\/uploads\/2024\/03\/logo.png","contentUrl":"https:\/\/aexis-medical.com\/wp-content\/uploads\/2024\/03\/logo.png","width":3140,"height":632,"caption":"Aexis Medical"},"image":{"@id":"https:\/\/aexis-medical.com\/#\/schema\/logo\/image\/"}}]}},"_links":{"self":[{"href":"https:\/\/aexis-medical.com\/de\/wp-json\/wp\/v2\/pages\/10769","targetHints":{"allow":["GET"]}}],"collection":[{"href":"https:\/\/aexis-medical.com\/de\/wp-json\/wp\/v2\/pages"}],"about":[{"href":"https:\/\/aexis-medical.com\/de\/wp-json\/wp\/v2\/types\/page"}],"author":[{"embeddable":true,"href":"https:\/\/aexis-medical.com\/de\/wp-json\/wp\/v2\/users\/9"}],"replies":[{"embeddable":true,"href":"https:\/\/aexis-medical.com\/de\/wp-json\/wp\/v2\/comments?post=10769"}],"version-history":[{"count":1,"href":"https:\/\/aexis-medical.com\/de\/wp-json\/wp\/v2\/pages\/10769\/revisions"}],"predecessor-version":[{"id":10770,"href":"https:\/\/aexis-medical.com\/de\/wp-json\/wp\/v2\/pages\/10769\/revisions\/10770"}],"wp:attachment":[{"href":"https:\/\/aexis-medical.com\/de\/wp-json\/wp\/v2\/media?parent=10769"}],"curies":[{"name":"wp","href":"https:\/\/api.w.org\/{rel}","templated":true}]}}